{"id":344,"date":"2022-03-07T12:39:12","date_gmt":"2022-03-07T11:39:12","guid":{"rendered":"https:\/\/www.stepfish.de\/filme\/?post_type=product&#038;p=344"},"modified":"2022-03-08T11:41:59","modified_gmt":"2022-03-08T10:41:59","slug":"hornissen","status":"publish","type":"product","link":"https:\/\/www.stepfish.de\/filme\/produkt\/hornissen\/","title":{"rendered":"Hornissen &#8211; Wie leben sie?"},"content":{"rendered":"<p>Sieben Stiche t\u00f6ten ein Pferd, drei\u00a0Stiche einen Menschen. Beinahe jeder kennt diesen Mythos. Doch stimmt das? Denn diese Insekten k\u00f6nnen mit ihrer beachtlichen Gr\u00f6\u00dfe und dem tiefen Brummen ganz sch\u00f6n bedrohlich anmuten. Doch sie interessieren sich weder f\u00fcrs Picknick, noch f\u00fcr die Limonade. Wir haben uns die Frage gestellt: Wie leben eigentlich diese fliegenden Riesen? Seit Anfang des Sommers begleiteten wir ein Hornissen-Nest. Es war eine wirklich spannende Arbeit, die Tiere so lange Zeit beobachten zu k\u00f6nnen.<\/p>\n","protected":false},"excerpt":{"rendered":"<p>0:00 Einleitung<\/p>\n<p>0:35 Der richtige Nistplatz<\/p>\n<p>2:31 Die Arbeiterinnen<\/p>\n<p>3:27 Hornissenstiche<\/p>\n<p>4:20 Gefahr und Schutz<\/p>\n<p>5:28 Der H&ouml;hepunkt<\/p>\n<p>6:06 Outro<\/p>\n","protected":false},"featured_media":345,"comment_status":"open","ping_status":"closed","template":"","meta":[],"product_cat":[20],"product_tag":[],"yoast_head":"<!-- This site is optimized with the Yoast SEO plugin v18.0 - https:\/\/yoast.com\/wordpress\/plugins\/seo\/ -->\n<title>Hornissen - Wie leben sie? - StepFish - Film Lizenzen<\/title>\n<meta name=\"robots\" content=\"noindex, follow, max-snippet:-1, max-image-preview:large, max-video-preview:-1\" \/>\n<meta property=\"og:locale\" content=\"de_DE\" \/>\n<meta property=\"og:type\" content=\"article\" \/>\n<meta property=\"og:title\" content=\"Hornissen - Wie leben sie? - StepFish - Film Lizenzen\" \/>\n<meta property=\"og:description\" content=\"0:00 Einleitung 0:35 Der richtige Nistplatz 2:31 Die Arbeiterinnen 3:27 Hornissenstiche 4:20 Gefahr und Schutz 5:28 Der H&ouml;hepunkt 6:06 Outro\" \/>\n<meta property=\"og:url\" content=\"https:\/\/www.stepfish.de\/filme\/produkt\/hornissen\/\" \/>\n<meta property=\"og:site_name\" content=\"StepFish - Film Lizenzen\" \/>\n<meta property=\"article:modified_time\" content=\"2022-03-08T10:41:59+00:00\" \/>\n<meta property=\"og:image\" content=\"https:\/\/www.stepfish.de\/filme\/wp-content\/uploads\/sites\/2\/2022\/03\/Hornissten-Thumbnail_Cover_xs.jpg\" \/>\n\t<meta property=\"og:image:width\" content=\"1280\" \/>\n\t<meta property=\"og:image:height\" content=\"720\" \/>\n\t<meta property=\"og:image:type\" content=\"image\/jpeg\" \/>\n<meta name=\"twitter:card\" content=\"summary_large_image\" \/>\n<meta name=\"twitter:label1\" content=\"Gesch\u00e4tzte Lesezeit\" \/>\n\t<meta name=\"twitter:data1\" content=\"1\u00a0Minute\" \/>\n<script type=\"application\/ld+json\" class=\"yoast-schema-graph\">{\"@context\":\"https:\/\/schema.org\",\"@graph\":[{\"@type\":\"WebSite\",\"@id\":\"https:\/\/www.stepfish.de\/filme\/#website\",\"url\":\"https:\/\/www.stepfish.de\/filme\/\",\"name\":\"StepFish - Film Lizenzen\",\"description\":\"Film Lizenzen\",\"potentialAction\":[{\"@type\":\"SearchAction\",\"target\":{\"@type\":\"EntryPoint\",\"urlTemplate\":\"https:\/\/www.stepfish.de\/filme\/?s={search_term_string}\"},\"query-input\":\"required name=search_term_string\"}],\"inLanguage\":\"de\"},{\"@type\":\"ImageObject\",\"@id\":\"https:\/\/www.stepfish.de\/filme\/produkt\/hornissen\/#primaryimage\",\"inLanguage\":\"de\",\"url\":\"https:\/\/www.stepfish.de\/filme\/wp-content\/uploads\/sites\/2\/2022\/03\/Hornissten-Thumbnail_Cover_xs.jpg\",\"contentUrl\":\"https:\/\/www.stepfish.de\/filme\/wp-content\/uploads\/sites\/2\/2022\/03\/Hornissten-Thumbnail_Cover_xs.jpg\",\"width\":1280,\"height\":720},{\"@type\":\"WebPage\",\"@id\":\"https:\/\/www.stepfish.de\/filme\/produkt\/hornissen\/#webpage\",\"url\":\"https:\/\/www.stepfish.de\/filme\/produkt\/hornissen\/\",\"name\":\"Hornissen - Wie leben sie? - StepFish - Film Lizenzen\",\"isPartOf\":{\"@id\":\"https:\/\/www.stepfish.de\/filme\/#website\"},\"primaryImageOfPage\":{\"@id\":\"https:\/\/www.stepfish.de\/filme\/produkt\/hornissen\/#primaryimage\"},\"datePublished\":\"2022-03-07T11:39:12+00:00\",\"dateModified\":\"2022-03-08T10:41:59+00:00\",\"breadcrumb\":{\"@id\":\"https:\/\/www.stepfish.de\/filme\/produkt\/hornissen\/#breadcrumb\"},\"inLanguage\":\"de\",\"potentialAction\":[{\"@type\":\"ReadAction\",\"target\":[\"https:\/\/www.stepfish.de\/filme\/produkt\/hornissen\/\"]}]},{\"@type\":\"BreadcrumbList\",\"@id\":\"https:\/\/www.stepfish.de\/filme\/produkt\/hornissen\/#breadcrumb\",\"itemListElement\":[{\"@type\":\"ListItem\",\"position\":1,\"name\":\"Katalog\",\"item\":\"https:\/\/www.stepfish.de\/filme\/katalog\/\"},{\"@type\":\"ListItem\",\"position\":2,\"name\":\"Hornissen &#8211; Wie leben sie?\"}]}]}<\/script>\n<!-- \/ Yoast SEO plugin. -->","yoast_head_json":{"title":"Hornissen - Wie leben sie? - StepFish - Film Lizenzen","robots":{"index":"noindex","follow":"follow","max-snippet":"max-snippet:-1","max-image-preview":"max-image-preview:large","max-video-preview":"max-video-preview:-1"},"og_locale":"de_DE","og_type":"article","og_title":"Hornissen - Wie leben sie? - StepFish - Film Lizenzen","og_description":"0:00 Einleitung 0:35 Der richtige Nistplatz 2:31 Die Arbeiterinnen 3:27 Hornissenstiche 4:20 Gefahr und Schutz 5:28 Der H&ouml;hepunkt 6:06 Outro","og_url":"https:\/\/www.stepfish.de\/filme\/produkt\/hornissen\/","og_site_name":"StepFish - Film Lizenzen","article_modified_time":"2022-03-08T10:41:59+00:00","og_image":[{"width":1280,"height":720,"url":"https:\/\/www.stepfish.de\/filme\/wp-content\/uploads\/sites\/2\/2022\/03\/Hornissten-Thumbnail_Cover_xs.jpg","type":"image\/jpeg"}],"twitter_card":"summary_large_image","twitter_misc":{"Gesch\u00e4tzte Lesezeit":"1\u00a0Minute"},"schema":{"@context":"https:\/\/schema.org","@graph":[{"@type":"WebSite","@id":"https:\/\/www.stepfish.de\/filme\/#website","url":"https:\/\/www.stepfish.de\/filme\/","name":"StepFish - Film Lizenzen","description":"Film Lizenzen","potentialAction":[{"@type":"SearchAction","target":{"@type":"EntryPoint","urlTemplate":"https:\/\/www.stepfish.de\/filme\/?s={search_term_string}"},"query-input":"required name=search_term_string"}],"inLanguage":"de"},{"@type":"ImageObject","@id":"https:\/\/www.stepfish.de\/filme\/produkt\/hornissen\/#primaryimage","inLanguage":"de","url":"https:\/\/www.stepfish.de\/filme\/wp-content\/uploads\/sites\/2\/2022\/03\/Hornissten-Thumbnail_Cover_xs.jpg","contentUrl":"https:\/\/www.stepfish.de\/filme\/wp-content\/uploads\/sites\/2\/2022\/03\/Hornissten-Thumbnail_Cover_xs.jpg","width":1280,"height":720},{"@type":"WebPage","@id":"https:\/\/www.stepfish.de\/filme\/produkt\/hornissen\/#webpage","url":"https:\/\/www.stepfish.de\/filme\/produkt\/hornissen\/","name":"Hornissen - Wie leben sie? - StepFish - Film Lizenzen","isPartOf":{"@id":"https:\/\/www.stepfish.de\/filme\/#website"},"primaryImageOfPage":{"@id":"https:\/\/www.stepfish.de\/filme\/produkt\/hornissen\/#primaryimage"},"datePublished":"2022-03-07T11:39:12+00:00","dateModified":"2022-03-08T10:41:59+00:00","breadcrumb":{"@id":"https:\/\/www.stepfish.de\/filme\/produkt\/hornissen\/#breadcrumb"},"inLanguage":"de","potentialAction":[{"@type":"ReadAction","target":["https:\/\/www.stepfish.de\/filme\/produkt\/hornissen\/"]}]},{"@type":"BreadcrumbList","@id":"https:\/\/www.stepfish.de\/filme\/produkt\/hornissen\/#breadcrumb","itemListElement":[{"@type":"ListItem","position":1,"name":"Katalog","item":"https:\/\/www.stepfish.de\/filme\/katalog\/"},{"@type":"ListItem","position":2,"name":"Hornissen &#8211; Wie leben sie?"}]}]}},"acf":[],"_links":{"self":[{"href":"https:\/\/www.stepfish.de\/filme\/wp-json\/wp\/v2\/product\/344"}],"collection":[{"href":"https:\/\/www.stepfish.de\/filme\/wp-json\/wp\/v2\/product"}],"about":[{"href":"https:\/\/www.stepfish.de\/filme\/wp-json\/wp\/v2\/types\/product"}],"replies":[{"embeddable":true,"href":"https:\/\/www.stepfish.de\/filme\/wp-json\/wp\/v2\/comments?post=344"}],"wp:featuredmedia":[{"embeddable":true,"href":"https:\/\/www.stepfish.de\/filme\/wp-json\/wp\/v2\/media\/345"}],"wp:attachment":[{"href":"https:\/\/www.stepfish.de\/filme\/wp-json\/wp\/v2\/media?parent=344"}],"wp:term":[{"taxonomy":"product_cat","embeddable":true,"href":"https:\/\/www.stepfish.de\/filme\/wp-json\/wp\/v2\/product_cat?post=344"},{"taxonomy":"product_tag","embeddable":true,"href":"https:\/\/www.stepfish.de\/filme\/wp-json\/wp\/v2\/product_tag?post=344"}],"curies":[{"name":"wp","href":"https:\/\/api.w.org\/{rel}","templated":true}]}}