{"id":477,"date":"2022-03-08T12:07:03","date_gmt":"2022-03-08T11:07:03","guid":{"rendered":"https:\/\/www.stepfish.de\/filme\/?post_type=product&#038;p=477"},"modified":"2022-03-08T12:07:03","modified_gmt":"2022-03-08T11:07:03","slug":"der-insekten-kopf-was-ist-ein-insekt-die-entomologie-teil-1","status":"publish","type":"product","link":"https:\/\/www.stepfish.de\/filme\/produkt\/der-insekten-kopf-was-ist-ein-insekt-die-entomologie-teil-1\/","title":{"rendered":"Der Insekten-Kopf &#8211; Was ist ein Insekt?  &#8211; Die Entomologie &#8211; Teil 1"},"content":{"rendered":"<p>Die Welt der Insekten ist riesengro\u00df und glaub mir, es gibt unglaublich viele spannende Themen \u00fcber das Reich der Insekten zu berichten. Doch eins nach dem anderen. Fangen wir ganz vorn an:<br \/>\nWei\u00dft du was genau ein Insekt von einer Spinne unterscheidet und was ein Ommatidium ist?<\/p>\n<p>In diesem Video gehen wir ganz dicht ran an die Insekten. So dicht, das wir uns einemmal die wichtigsten, \u00e4u\u00dferen Merkmale genauer anschauen k\u00f6nnen. Da der Kopf das erste und auch der wichtigste K\u00f6rperabschnitt ist, beginnen wir unsere Reise an diesem Punkt. <\/p>\n","protected":false},"excerpt":{"rendered":"<p>0:00 Einleitung<\/p>\n<p>0:29 Die Entomologie<\/p>\n<p>0:36 Grundz&uuml;ge und die Antennen<\/p>\n<p>2:52 Die Augen<\/p>\n<p>4:29 Die Mundwerkzeuge<\/p>\n<p>5:44 Outro<\/p>\n","protected":false},"featured_media":471,"comment_status":"open","ping_status":"closed","template":"","meta":[],"product_cat":[25],"product_tag":[27,26],"yoast_head":"<!-- This site is optimized with the Yoast SEO plugin v18.0 - https:\/\/yoast.com\/wordpress\/plugins\/seo\/ -->\n<title>Der Insekten-Kopf - Was ist ein Insekt? - Die Entomologie - Teil 1 - StepFish - Film Lizenzen<\/title>\n<meta name=\"robots\" content=\"noindex, follow, max-snippet:-1, max-image-preview:large, max-video-preview:-1\" \/>\n<meta property=\"og:locale\" content=\"de_DE\" \/>\n<meta property=\"og:type\" content=\"article\" \/>\n<meta property=\"og:title\" content=\"Der Insekten-Kopf - Was ist ein Insekt? - Die Entomologie - Teil 1 - StepFish - Film Lizenzen\" \/>\n<meta property=\"og:description\" content=\"0:00 Einleitung 0:29 Die Entomologie 0:36 Grundz&uuml;ge und die Antennen 2:52 Die Augen 4:29 Die Mundwerkzeuge 5:44 Outro\" \/>\n<meta property=\"og:url\" content=\"https:\/\/www.stepfish.de\/filme\/produkt\/der-insekten-kopf-was-ist-ein-insekt-die-entomologie-teil-1\/\" \/>\n<meta property=\"og:site_name\" content=\"StepFish - Film Lizenzen\" \/>\n<meta property=\"og:image\" content=\"https:\/\/www.stepfish.de\/filme\/wp-content\/uploads\/sites\/2\/2022\/03\/Kopf_Cover_XS.jpg\" \/>\n\t<meta property=\"og:image:width\" content=\"1280\" \/>\n\t<meta property=\"og:image:height\" content=\"720\" \/>\n\t<meta property=\"og:image:type\" content=\"image\/jpeg\" \/>\n<meta name=\"twitter:card\" content=\"summary_large_image\" \/>\n<script type=\"application\/ld+json\" class=\"yoast-schema-graph\">{\"@context\":\"https:\/\/schema.org\",\"@graph\":[{\"@type\":\"WebSite\",\"@id\":\"https:\/\/www.stepfish.de\/filme\/#website\",\"url\":\"https:\/\/www.stepfish.de\/filme\/\",\"name\":\"StepFish - Film Lizenzen\",\"description\":\"Film Lizenzen\",\"potentialAction\":[{\"@type\":\"SearchAction\",\"target\":{\"@type\":\"EntryPoint\",\"urlTemplate\":\"https:\/\/www.stepfish.de\/filme\/?s={search_term_string}\"},\"query-input\":\"required name=search_term_string\"}],\"inLanguage\":\"de\"},{\"@type\":\"ImageObject\",\"@id\":\"https:\/\/www.stepfish.de\/filme\/produkt\/der-insekten-kopf-was-ist-ein-insekt-die-entomologie-teil-1\/#primaryimage\",\"inLanguage\":\"de\",\"url\":\"https:\/\/www.stepfish.de\/filme\/wp-content\/uploads\/sites\/2\/2022\/03\/Kopf_Cover_XS.jpg\",\"contentUrl\":\"https:\/\/www.stepfish.de\/filme\/wp-content\/uploads\/sites\/2\/2022\/03\/Kopf_Cover_XS.jpg\",\"width\":1280,\"height\":720},{\"@type\":\"WebPage\",\"@id\":\"https:\/\/www.stepfish.de\/filme\/produkt\/der-insekten-kopf-was-ist-ein-insekt-die-entomologie-teil-1\/#webpage\",\"url\":\"https:\/\/www.stepfish.de\/filme\/produkt\/der-insekten-kopf-was-ist-ein-insekt-die-entomologie-teil-1\/\",\"name\":\"Der Insekten-Kopf - Was ist ein Insekt? - Die Entomologie - Teil 1 - StepFish - Film Lizenzen\",\"isPartOf\":{\"@id\":\"https:\/\/www.stepfish.de\/filme\/#website\"},\"primaryImageOfPage\":{\"@id\":\"https:\/\/www.stepfish.de\/filme\/produkt\/der-insekten-kopf-was-ist-ein-insekt-die-entomologie-teil-1\/#primaryimage\"},\"datePublished\":\"2022-03-08T11:07:03+00:00\",\"dateModified\":\"2022-03-08T11:07:03+00:00\",\"breadcrumb\":{\"@id\":\"https:\/\/www.stepfish.de\/filme\/produkt\/der-insekten-kopf-was-ist-ein-insekt-die-entomologie-teil-1\/#breadcrumb\"},\"inLanguage\":\"de\",\"potentialAction\":[{\"@type\":\"ReadAction\",\"target\":[\"https:\/\/www.stepfish.de\/filme\/produkt\/der-insekten-kopf-was-ist-ein-insekt-die-entomologie-teil-1\/\"]}]},{\"@type\":\"BreadcrumbList\",\"@id\":\"https:\/\/www.stepfish.de\/filme\/produkt\/der-insekten-kopf-was-ist-ein-insekt-die-entomologie-teil-1\/#breadcrumb\",\"itemListElement\":[{\"@type\":\"ListItem\",\"position\":1,\"name\":\"Katalog\",\"item\":\"https:\/\/www.stepfish.de\/filme\/katalog\/\"},{\"@type\":\"ListItem\",\"position\":2,\"name\":\"Der Insekten-Kopf &#8211; Was ist ein Insekt? &#8211; Die Entomologie &#8211; Teil 1\"}]}]}<\/script>\n<!-- \/ Yoast SEO plugin. -->","yoast_head_json":{"title":"Der Insekten-Kopf - Was ist ein Insekt? - Die Entomologie - Teil 1 - StepFish - Film Lizenzen","robots":{"index":"noindex","follow":"follow","max-snippet":"max-snippet:-1","max-image-preview":"max-image-preview:large","max-video-preview":"max-video-preview:-1"},"og_locale":"de_DE","og_type":"article","og_title":"Der Insekten-Kopf - Was ist ein Insekt? - Die Entomologie - Teil 1 - StepFish - Film Lizenzen","og_description":"0:00 Einleitung 0:29 Die Entomologie 0:36 Grundz&uuml;ge und die Antennen 2:52 Die Augen 4:29 Die Mundwerkzeuge 5:44 Outro","og_url":"https:\/\/www.stepfish.de\/filme\/produkt\/der-insekten-kopf-was-ist-ein-insekt-die-entomologie-teil-1\/","og_site_name":"StepFish - Film Lizenzen","og_image":[{"width":1280,"height":720,"url":"https:\/\/www.stepfish.de\/filme\/wp-content\/uploads\/sites\/2\/2022\/03\/Kopf_Cover_XS.jpg","type":"image\/jpeg"}],"twitter_card":"summary_large_image","schema":{"@context":"https:\/\/schema.org","@graph":[{"@type":"WebSite","@id":"https:\/\/www.stepfish.de\/filme\/#website","url":"https:\/\/www.stepfish.de\/filme\/","name":"StepFish - Film Lizenzen","description":"Film Lizenzen","potentialAction":[{"@type":"SearchAction","target":{"@type":"EntryPoint","urlTemplate":"https:\/\/www.stepfish.de\/filme\/?s={search_term_string}"},"query-input":"required name=search_term_string"}],"inLanguage":"de"},{"@type":"ImageObject","@id":"https:\/\/www.stepfish.de\/filme\/produkt\/der-insekten-kopf-was-ist-ein-insekt-die-entomologie-teil-1\/#primaryimage","inLanguage":"de","url":"https:\/\/www.stepfish.de\/filme\/wp-content\/uploads\/sites\/2\/2022\/03\/Kopf_Cover_XS.jpg","contentUrl":"https:\/\/www.stepfish.de\/filme\/wp-content\/uploads\/sites\/2\/2022\/03\/Kopf_Cover_XS.jpg","width":1280,"height":720},{"@type":"WebPage","@id":"https:\/\/www.stepfish.de\/filme\/produkt\/der-insekten-kopf-was-ist-ein-insekt-die-entomologie-teil-1\/#webpage","url":"https:\/\/www.stepfish.de\/filme\/produkt\/der-insekten-kopf-was-ist-ein-insekt-die-entomologie-teil-1\/","name":"Der Insekten-Kopf - Was ist ein Insekt? - Die Entomologie - Teil 1 - StepFish - Film Lizenzen","isPartOf":{"@id":"https:\/\/www.stepfish.de\/filme\/#website"},"primaryImageOfPage":{"@id":"https:\/\/www.stepfish.de\/filme\/produkt\/der-insekten-kopf-was-ist-ein-insekt-die-entomologie-teil-1\/#primaryimage"},"datePublished":"2022-03-08T11:07:03+00:00","dateModified":"2022-03-08T11:07:03+00:00","breadcrumb":{"@id":"https:\/\/www.stepfish.de\/filme\/produkt\/der-insekten-kopf-was-ist-ein-insekt-die-entomologie-teil-1\/#breadcrumb"},"inLanguage":"de","potentialAction":[{"@type":"ReadAction","target":["https:\/\/www.stepfish.de\/filme\/produkt\/der-insekten-kopf-was-ist-ein-insekt-die-entomologie-teil-1\/"]}]},{"@type":"BreadcrumbList","@id":"https:\/\/www.stepfish.de\/filme\/produkt\/der-insekten-kopf-was-ist-ein-insekt-die-entomologie-teil-1\/#breadcrumb","itemListElement":[{"@type":"ListItem","position":1,"name":"Katalog","item":"https:\/\/www.stepfish.de\/filme\/katalog\/"},{"@type":"ListItem","position":2,"name":"Der Insekten-Kopf &#8211; Was ist ein Insekt? &#8211; Die Entomologie &#8211; Teil 1"}]}]}},"acf":[],"_links":{"self":[{"href":"https:\/\/www.stepfish.de\/filme\/wp-json\/wp\/v2\/product\/477"}],"collection":[{"href":"https:\/\/www.stepfish.de\/filme\/wp-json\/wp\/v2\/product"}],"about":[{"href":"https:\/\/www.stepfish.de\/filme\/wp-json\/wp\/v2\/types\/product"}],"replies":[{"embeddable":true,"href":"https:\/\/www.stepfish.de\/filme\/wp-json\/wp\/v2\/comments?post=477"}],"wp:featuredmedia":[{"embeddable":true,"href":"https:\/\/www.stepfish.de\/filme\/wp-json\/wp\/v2\/media\/471"}],"wp:attachment":[{"href":"https:\/\/www.stepfish.de\/filme\/wp-json\/wp\/v2\/media?parent=477"}],"wp:term":[{"taxonomy":"product_cat","embeddable":true,"href":"https:\/\/www.stepfish.de\/filme\/wp-json\/wp\/v2\/product_cat?post=477"},{"taxonomy":"product_tag","embeddable":true,"href":"https:\/\/www.stepfish.de\/filme\/wp-json\/wp\/v2\/product_tag?post=477"}],"curies":[{"name":"wp","href":"https:\/\/api.w.org\/{rel}","templated":true}]}}