{"id":479,"date":"2022-03-08T12:11:51","date_gmt":"2022-03-08T11:11:51","guid":{"rendered":"https:\/\/www.stepfish.de\/filme\/?post_type=product&#038;p=479"},"modified":"2022-03-08T12:11:52","modified_gmt":"2022-03-08T11:11:52","slug":"insekten-sind-so-viel-mehr","status":"publish","type":"product","link":"https:\/\/www.stepfish.de\/filme\/produkt\/insekten-sind-so-viel-mehr\/","title":{"rendered":"Insekten sind so viel mehr"},"content":{"rendered":"<p>Die Welt der Insekten ist faszinierend und gro\u00df.<br \/>\nBis heute wurden etwa 5,5 Mio Insektenarten weltweit beschrieben, deren Vielfalt uns immer wieder in erstaunen versetzt.<br \/>\nManche Insekten sind wundersch\u00f6n, andere k\u00f6nnten einem Horrorfilm entspringen. Einige haben riesige Bei\u00dfwerkzeuge, andere nehmen \u00fcberhaupt keine Nahrung zu sich. Sie k\u00f6nnen fliegen, krabbeln, buddeln oder schwimmen. Man findet sie von den k\u00e4ltesten bis in die hei\u00dfesten Regionen dieser Erde.  <\/p>\n<p>Und trotz ihrer schier unersch\u00f6pflichen Masse und ihrer perfekten Anpassung, die sie Jahrmillionen \u00fcberleben lie\u00df, sind sie zur Zeit massiv vom Aussterben bedroht !<br \/>\nEs mag vielleicht an ihrer Anzahl liegen, dass das Ausma\u00df der Gefahr lange Zeit keine Beachtung fand. Doch vielleicht liegt es auch daran, dass viele Menschen mit Insekten wenig positives verbinden. Ok, Bienen best\u00e4uben unsere Blumen. Doch wieso ist der Rest wichtig?<\/p>\n<p>Ein Gro\u00dfteil der Pflanzenwelt ist auf die Best\u00e4ubung durch Insekten angewiesen. Bienen, Fliegen und Wespen besuchen mehrere Tausend Pflanzen und tragen so Pollen von Bl\u00fcte zu Bl\u00fcte. Au\u00dferdem halten sie unsere Erde sauber. Sie zersetzen Pflanzenreste, tote Tiere und Dung. Sie verbessern so ma\u00dfgeblich die Qualit\u00e4t der B\u00f6den und der Luft.<\/p>\n<p>Doch das alles schafft nicht ein Insekt allein. Sie alle bilden ein Netzwerk, dass sich gegenseitig beeinflusst.<br \/>\nUm die Welt der Insekten zu verstehen, m\u00fcssen wir ganz vorn anfangen. Du wirst \u00fcberrascht sein, wie faszinierend sie sein k\u00f6nnen. <\/p>\n","protected":false},"excerpt":{"rendered":"<p>Keine Kapitel vorhanden<\/p>\n","protected":false},"featured_media":470,"comment_status":"open","ping_status":"closed","template":"","meta":[],"product_cat":[23],"product_tag":[],"yoast_head":"<!-- This site is optimized with the Yoast SEO plugin v18.0 - https:\/\/yoast.com\/wordpress\/plugins\/seo\/ -->\n<title>Insekten sind so viel mehr - StepFish - Film Lizenzen<\/title>\n<meta name=\"robots\" content=\"noindex, follow, max-snippet:-1, max-image-preview:large, max-video-preview:-1\" \/>\n<meta property=\"og:locale\" content=\"de_DE\" \/>\n<meta property=\"og:type\" content=\"article\" \/>\n<meta property=\"og:title\" content=\"Insekten sind so viel mehr - StepFish - Film Lizenzen\" \/>\n<meta property=\"og:description\" content=\"Keine Kapitel vorhanden\" \/>\n<meta property=\"og:url\" content=\"https:\/\/www.stepfish.de\/filme\/produkt\/insekten-sind-so-viel-mehr\/\" \/>\n<meta property=\"og:site_name\" content=\"StepFish - Film Lizenzen\" \/>\n<meta property=\"article:modified_time\" content=\"2022-03-08T11:11:52+00:00\" \/>\n<meta property=\"og:image\" content=\"https:\/\/www.stepfish.de\/filme\/wp-content\/uploads\/sites\/2\/2022\/03\/Intro_Cover_XS.jpg\" \/>\n\t<meta property=\"og:image:width\" content=\"1280\" \/>\n\t<meta property=\"og:image:height\" content=\"720\" \/>\n\t<meta property=\"og:image:type\" content=\"image\/jpeg\" \/>\n<meta name=\"twitter:card\" content=\"summary_large_image\" \/>\n<meta name=\"twitter:label1\" content=\"Gesch\u00e4tzte Lesezeit\" \/>\n\t<meta name=\"twitter:data1\" content=\"1\u00a0Minute\" \/>\n<script type=\"application\/ld+json\" class=\"yoast-schema-graph\">{\"@context\":\"https:\/\/schema.org\",\"@graph\":[{\"@type\":\"WebSite\",\"@id\":\"https:\/\/www.stepfish.de\/filme\/#website\",\"url\":\"https:\/\/www.stepfish.de\/filme\/\",\"name\":\"StepFish - Film Lizenzen\",\"description\":\"Film Lizenzen\",\"potentialAction\":[{\"@type\":\"SearchAction\",\"target\":{\"@type\":\"EntryPoint\",\"urlTemplate\":\"https:\/\/www.stepfish.de\/filme\/?s={search_term_string}\"},\"query-input\":\"required name=search_term_string\"}],\"inLanguage\":\"de\"},{\"@type\":\"ImageObject\",\"@id\":\"https:\/\/www.stepfish.de\/filme\/produkt\/insekten-sind-so-viel-mehr\/#primaryimage\",\"inLanguage\":\"de\",\"url\":\"https:\/\/www.stepfish.de\/filme\/wp-content\/uploads\/sites\/2\/2022\/03\/Intro_Cover_XS.jpg\",\"contentUrl\":\"https:\/\/www.stepfish.de\/filme\/wp-content\/uploads\/sites\/2\/2022\/03\/Intro_Cover_XS.jpg\",\"width\":1280,\"height\":720},{\"@type\":\"WebPage\",\"@id\":\"https:\/\/www.stepfish.de\/filme\/produkt\/insekten-sind-so-viel-mehr\/#webpage\",\"url\":\"https:\/\/www.stepfish.de\/filme\/produkt\/insekten-sind-so-viel-mehr\/\",\"name\":\"Insekten sind so viel mehr - StepFish - Film Lizenzen\",\"isPartOf\":{\"@id\":\"https:\/\/www.stepfish.de\/filme\/#website\"},\"primaryImageOfPage\":{\"@id\":\"https:\/\/www.stepfish.de\/filme\/produkt\/insekten-sind-so-viel-mehr\/#primaryimage\"},\"datePublished\":\"2022-03-08T11:11:51+00:00\",\"dateModified\":\"2022-03-08T11:11:52+00:00\",\"breadcrumb\":{\"@id\":\"https:\/\/www.stepfish.de\/filme\/produkt\/insekten-sind-so-viel-mehr\/#breadcrumb\"},\"inLanguage\":\"de\",\"potentialAction\":[{\"@type\":\"ReadAction\",\"target\":[\"https:\/\/www.stepfish.de\/filme\/produkt\/insekten-sind-so-viel-mehr\/\"]}]},{\"@type\":\"BreadcrumbList\",\"@id\":\"https:\/\/www.stepfish.de\/filme\/produkt\/insekten-sind-so-viel-mehr\/#breadcrumb\",\"itemListElement\":[{\"@type\":\"ListItem\",\"position\":1,\"name\":\"Katalog\",\"item\":\"https:\/\/www.stepfish.de\/filme\/katalog\/\"},{\"@type\":\"ListItem\",\"position\":2,\"name\":\"Insekten sind so viel mehr\"}]}]}<\/script>\n<!-- \/ Yoast SEO plugin. -->","yoast_head_json":{"title":"Insekten sind so viel mehr - StepFish - Film Lizenzen","robots":{"index":"noindex","follow":"follow","max-snippet":"max-snippet:-1","max-image-preview":"max-image-preview:large","max-video-preview":"max-video-preview:-1"},"og_locale":"de_DE","og_type":"article","og_title":"Insekten sind so viel mehr - StepFish - Film Lizenzen","og_description":"Keine Kapitel vorhanden","og_url":"https:\/\/www.stepfish.de\/filme\/produkt\/insekten-sind-so-viel-mehr\/","og_site_name":"StepFish - Film Lizenzen","article_modified_time":"2022-03-08T11:11:52+00:00","og_image":[{"width":1280,"height":720,"url":"https:\/\/www.stepfish.de\/filme\/wp-content\/uploads\/sites\/2\/2022\/03\/Intro_Cover_XS.jpg","type":"image\/jpeg"}],"twitter_card":"summary_large_image","twitter_misc":{"Gesch\u00e4tzte Lesezeit":"1\u00a0Minute"},"schema":{"@context":"https:\/\/schema.org","@graph":[{"@type":"WebSite","@id":"https:\/\/www.stepfish.de\/filme\/#website","url":"https:\/\/www.stepfish.de\/filme\/","name":"StepFish - Film Lizenzen","description":"Film Lizenzen","potentialAction":[{"@type":"SearchAction","target":{"@type":"EntryPoint","urlTemplate":"https:\/\/www.stepfish.de\/filme\/?s={search_term_string}"},"query-input":"required name=search_term_string"}],"inLanguage":"de"},{"@type":"ImageObject","@id":"https:\/\/www.stepfish.de\/filme\/produkt\/insekten-sind-so-viel-mehr\/#primaryimage","inLanguage":"de","url":"https:\/\/www.stepfish.de\/filme\/wp-content\/uploads\/sites\/2\/2022\/03\/Intro_Cover_XS.jpg","contentUrl":"https:\/\/www.stepfish.de\/filme\/wp-content\/uploads\/sites\/2\/2022\/03\/Intro_Cover_XS.jpg","width":1280,"height":720},{"@type":"WebPage","@id":"https:\/\/www.stepfish.de\/filme\/produkt\/insekten-sind-so-viel-mehr\/#webpage","url":"https:\/\/www.stepfish.de\/filme\/produkt\/insekten-sind-so-viel-mehr\/","name":"Insekten sind so viel mehr - StepFish - Film Lizenzen","isPartOf":{"@id":"https:\/\/www.stepfish.de\/filme\/#website"},"primaryImageOfPage":{"@id":"https:\/\/www.stepfish.de\/filme\/produkt\/insekten-sind-so-viel-mehr\/#primaryimage"},"datePublished":"2022-03-08T11:11:51+00:00","dateModified":"2022-03-08T11:11:52+00:00","breadcrumb":{"@id":"https:\/\/www.stepfish.de\/filme\/produkt\/insekten-sind-so-viel-mehr\/#breadcrumb"},"inLanguage":"de","potentialAction":[{"@type":"ReadAction","target":["https:\/\/www.stepfish.de\/filme\/produkt\/insekten-sind-so-viel-mehr\/"]}]},{"@type":"BreadcrumbList","@id":"https:\/\/www.stepfish.de\/filme\/produkt\/insekten-sind-so-viel-mehr\/#breadcrumb","itemListElement":[{"@type":"ListItem","position":1,"name":"Katalog","item":"https:\/\/www.stepfish.de\/filme\/katalog\/"},{"@type":"ListItem","position":2,"name":"Insekten sind so viel mehr"}]}]}},"acf":[],"_links":{"self":[{"href":"https:\/\/www.stepfish.de\/filme\/wp-json\/wp\/v2\/product\/479"}],"collection":[{"href":"https:\/\/www.stepfish.de\/filme\/wp-json\/wp\/v2\/product"}],"about":[{"href":"https:\/\/www.stepfish.de\/filme\/wp-json\/wp\/v2\/types\/product"}],"replies":[{"embeddable":true,"href":"https:\/\/www.stepfish.de\/filme\/wp-json\/wp\/v2\/comments?post=479"}],"wp:featuredmedia":[{"embeddable":true,"href":"https:\/\/www.stepfish.de\/filme\/wp-json\/wp\/v2\/media\/470"}],"wp:attachment":[{"href":"https:\/\/www.stepfish.de\/filme\/wp-json\/wp\/v2\/media?parent=479"}],"wp:term":[{"taxonomy":"product_cat","embeddable":true,"href":"https:\/\/www.stepfish.de\/filme\/wp-json\/wp\/v2\/product_cat?post=479"},{"taxonomy":"product_tag","embeddable":true,"href":"https:\/\/www.stepfish.de\/filme\/wp-json\/wp\/v2\/product_tag?post=479"}],"curies":[{"name":"wp","href":"https:\/\/api.w.org\/{rel}","templated":true}]}}