{"id":480,"date":"2022-03-08T12:14:30","date_gmt":"2022-03-08T11:14:30","guid":{"rendered":"https:\/\/www.stepfish.de\/filme\/?post_type=product&#038;p=480"},"modified":"2022-03-08T12:14:31","modified_gmt":"2022-03-08T11:14:31","slug":"was-machen-insekten-im-winter","status":"publish","type":"product","link":"https:\/\/www.stepfish.de\/filme\/produkt\/was-machen-insekten-im-winter\/","title":{"rendered":"Was machen Insekten im Winter?"},"content":{"rendered":"<p>Insekten sind im Winter zwar nicht zu h\u00f6ren und nicht zu sehen, doch sie sind da.<br \/>\nAber wo?<br \/>\nHin und wieder begegnet man einem verirrten Schmetterling im Keller oder ein paar Marienk\u00e4fern im Schuppen. Das der Ort kein Zufall ist, sondern vom Insekt wohl geplant, erkl\u00e4ren wir in diesem Film. Denn Insekten haben ein paar Strategien entwickelt, um die kalte Jahreszeit zu \u00fcberstehen. Denn ob sie wollen oder nicht, je k\u00e4lter es wird, desto schwerf\u00e4lliger werden sie, bis sie schlie\u00dflich ganz erstarren.<br \/>\nWieso ist das so?<br \/>\nSie sind wechselwarme Tiere. Sie k\u00f6nnen keine konstante K\u00f6rpertemperatur halten, sondern sind abh\u00e4ngig von der \u00e4u\u00dferen Temperatur. <\/p>\n","protected":false},"excerpt":{"rendered":"<p>0:00 Einleitung<br \/>0:19 Wechselwarm <br \/>1:17 K&auml;ltestarre<br \/>2:12 Frostschutzmittel<br \/>2:53 Ei, Larve &amp; Puppe<br \/>3:39 Ziehen in den S&uuml;den<br \/>4:40 Das k&ouml;nnen wir tun<br \/>5:28 Outro<\/p>\n","protected":false},"featured_media":475,"comment_status":"open","ping_status":"closed","template":"","meta":[],"product_cat":[20,23],"product_tag":[],"yoast_head":"<!-- This site is optimized with the Yoast SEO plugin v18.0 - https:\/\/yoast.com\/wordpress\/plugins\/seo\/ -->\n<title>Was machen Insekten im Winter? - StepFish - Film Lizenzen<\/title>\n<meta name=\"robots\" content=\"noindex, follow, max-snippet:-1, max-image-preview:large, max-video-preview:-1\" \/>\n<meta property=\"og:locale\" content=\"de_DE\" \/>\n<meta property=\"og:type\" content=\"article\" \/>\n<meta property=\"og:title\" content=\"Was machen Insekten im Winter? - StepFish - Film Lizenzen\" \/>\n<meta property=\"og:description\" content=\"0:00 Einleitung0:19 Wechselwarm 1:17 K&auml;ltestarre2:12 Frostschutzmittel2:53 Ei, Larve &amp; Puppe3:39 Ziehen in den S&uuml;den4:40 Das k&ouml;nnen wir tun5:28 Outro\" \/>\n<meta property=\"og:url\" content=\"https:\/\/www.stepfish.de\/filme\/produkt\/was-machen-insekten-im-winter\/\" \/>\n<meta property=\"og:site_name\" content=\"StepFish - Film Lizenzen\" \/>\n<meta property=\"article:modified_time\" content=\"2022-03-08T11:14:31+00:00\" \/>\n<meta property=\"og:image\" content=\"https:\/\/www.stepfish.de\/filme\/wp-content\/uploads\/sites\/2\/2022\/03\/Winter_Cover_XS.jpg\" \/>\n\t<meta property=\"og:image:width\" content=\"1280\" \/>\n\t<meta property=\"og:image:height\" content=\"720\" \/>\n\t<meta property=\"og:image:type\" content=\"image\/jpeg\" \/>\n<meta name=\"twitter:card\" content=\"summary_large_image\" \/>\n<meta name=\"twitter:label1\" content=\"Gesch\u00e4tzte Lesezeit\" \/>\n\t<meta name=\"twitter:data1\" content=\"1\u00a0Minute\" \/>\n<script type=\"application\/ld+json\" class=\"yoast-schema-graph\">{\"@context\":\"https:\/\/schema.org\",\"@graph\":[{\"@type\":\"WebSite\",\"@id\":\"https:\/\/www.stepfish.de\/filme\/#website\",\"url\":\"https:\/\/www.stepfish.de\/filme\/\",\"name\":\"StepFish - Film Lizenzen\",\"description\":\"Film Lizenzen\",\"potentialAction\":[{\"@type\":\"SearchAction\",\"target\":{\"@type\":\"EntryPoint\",\"urlTemplate\":\"https:\/\/www.stepfish.de\/filme\/?s={search_term_string}\"},\"query-input\":\"required name=search_term_string\"}],\"inLanguage\":\"de\"},{\"@type\":\"ImageObject\",\"@id\":\"https:\/\/www.stepfish.de\/filme\/produkt\/was-machen-insekten-im-winter\/#primaryimage\",\"inLanguage\":\"de\",\"url\":\"https:\/\/www.stepfish.de\/filme\/wp-content\/uploads\/sites\/2\/2022\/03\/Winter_Cover_XS.jpg\",\"contentUrl\":\"https:\/\/www.stepfish.de\/filme\/wp-content\/uploads\/sites\/2\/2022\/03\/Winter_Cover_XS.jpg\",\"width\":1280,\"height\":720},{\"@type\":\"WebPage\",\"@id\":\"https:\/\/www.stepfish.de\/filme\/produkt\/was-machen-insekten-im-winter\/#webpage\",\"url\":\"https:\/\/www.stepfish.de\/filme\/produkt\/was-machen-insekten-im-winter\/\",\"name\":\"Was machen Insekten im Winter? - StepFish - Film Lizenzen\",\"isPartOf\":{\"@id\":\"https:\/\/www.stepfish.de\/filme\/#website\"},\"primaryImageOfPage\":{\"@id\":\"https:\/\/www.stepfish.de\/filme\/produkt\/was-machen-insekten-im-winter\/#primaryimage\"},\"datePublished\":\"2022-03-08T11:14:30+00:00\",\"dateModified\":\"2022-03-08T11:14:31+00:00\",\"breadcrumb\":{\"@id\":\"https:\/\/www.stepfish.de\/filme\/produkt\/was-machen-insekten-im-winter\/#breadcrumb\"},\"inLanguage\":\"de\",\"potentialAction\":[{\"@type\":\"ReadAction\",\"target\":[\"https:\/\/www.stepfish.de\/filme\/produkt\/was-machen-insekten-im-winter\/\"]}]},{\"@type\":\"BreadcrumbList\",\"@id\":\"https:\/\/www.stepfish.de\/filme\/produkt\/was-machen-insekten-im-winter\/#breadcrumb\",\"itemListElement\":[{\"@type\":\"ListItem\",\"position\":1,\"name\":\"Katalog\",\"item\":\"https:\/\/www.stepfish.de\/filme\/katalog\/\"},{\"@type\":\"ListItem\",\"position\":2,\"name\":\"Was machen Insekten im Winter?\"}]}]}<\/script>\n<!-- \/ Yoast SEO plugin. -->","yoast_head_json":{"title":"Was machen Insekten im Winter? - StepFish - Film Lizenzen","robots":{"index":"noindex","follow":"follow","max-snippet":"max-snippet:-1","max-image-preview":"max-image-preview:large","max-video-preview":"max-video-preview:-1"},"og_locale":"de_DE","og_type":"article","og_title":"Was machen Insekten im Winter? - StepFish - Film Lizenzen","og_description":"0:00 Einleitung0:19 Wechselwarm 1:17 K&auml;ltestarre2:12 Frostschutzmittel2:53 Ei, Larve &amp; Puppe3:39 Ziehen in den S&uuml;den4:40 Das k&ouml;nnen wir tun5:28 Outro","og_url":"https:\/\/www.stepfish.de\/filme\/produkt\/was-machen-insekten-im-winter\/","og_site_name":"StepFish - Film Lizenzen","article_modified_time":"2022-03-08T11:14:31+00:00","og_image":[{"width":1280,"height":720,"url":"https:\/\/www.stepfish.de\/filme\/wp-content\/uploads\/sites\/2\/2022\/03\/Winter_Cover_XS.jpg","type":"image\/jpeg"}],"twitter_card":"summary_large_image","twitter_misc":{"Gesch\u00e4tzte Lesezeit":"1\u00a0Minute"},"schema":{"@context":"https:\/\/schema.org","@graph":[{"@type":"WebSite","@id":"https:\/\/www.stepfish.de\/filme\/#website","url":"https:\/\/www.stepfish.de\/filme\/","name":"StepFish - Film Lizenzen","description":"Film Lizenzen","potentialAction":[{"@type":"SearchAction","target":{"@type":"EntryPoint","urlTemplate":"https:\/\/www.stepfish.de\/filme\/?s={search_term_string}"},"query-input":"required name=search_term_string"}],"inLanguage":"de"},{"@type":"ImageObject","@id":"https:\/\/www.stepfish.de\/filme\/produkt\/was-machen-insekten-im-winter\/#primaryimage","inLanguage":"de","url":"https:\/\/www.stepfish.de\/filme\/wp-content\/uploads\/sites\/2\/2022\/03\/Winter_Cover_XS.jpg","contentUrl":"https:\/\/www.stepfish.de\/filme\/wp-content\/uploads\/sites\/2\/2022\/03\/Winter_Cover_XS.jpg","width":1280,"height":720},{"@type":"WebPage","@id":"https:\/\/www.stepfish.de\/filme\/produkt\/was-machen-insekten-im-winter\/#webpage","url":"https:\/\/www.stepfish.de\/filme\/produkt\/was-machen-insekten-im-winter\/","name":"Was machen Insekten im Winter? - StepFish - Film Lizenzen","isPartOf":{"@id":"https:\/\/www.stepfish.de\/filme\/#website"},"primaryImageOfPage":{"@id":"https:\/\/www.stepfish.de\/filme\/produkt\/was-machen-insekten-im-winter\/#primaryimage"},"datePublished":"2022-03-08T11:14:30+00:00","dateModified":"2022-03-08T11:14:31+00:00","breadcrumb":{"@id":"https:\/\/www.stepfish.de\/filme\/produkt\/was-machen-insekten-im-winter\/#breadcrumb"},"inLanguage":"de","potentialAction":[{"@type":"ReadAction","target":["https:\/\/www.stepfish.de\/filme\/produkt\/was-machen-insekten-im-winter\/"]}]},{"@type":"BreadcrumbList","@id":"https:\/\/www.stepfish.de\/filme\/produkt\/was-machen-insekten-im-winter\/#breadcrumb","itemListElement":[{"@type":"ListItem","position":1,"name":"Katalog","item":"https:\/\/www.stepfish.de\/filme\/katalog\/"},{"@type":"ListItem","position":2,"name":"Was machen Insekten im Winter?"}]}]}},"acf":[],"_links":{"self":[{"href":"https:\/\/www.stepfish.de\/filme\/wp-json\/wp\/v2\/product\/480"}],"collection":[{"href":"https:\/\/www.stepfish.de\/filme\/wp-json\/wp\/v2\/product"}],"about":[{"href":"https:\/\/www.stepfish.de\/filme\/wp-json\/wp\/v2\/types\/product"}],"replies":[{"embeddable":true,"href":"https:\/\/www.stepfish.de\/filme\/wp-json\/wp\/v2\/comments?post=480"}],"wp:featuredmedia":[{"embeddable":true,"href":"https:\/\/www.stepfish.de\/filme\/wp-json\/wp\/v2\/media\/475"}],"wp:attachment":[{"href":"https:\/\/www.stepfish.de\/filme\/wp-json\/wp\/v2\/media?parent=480"}],"wp:term":[{"taxonomy":"product_cat","embeddable":true,"href":"https:\/\/www.stepfish.de\/filme\/wp-json\/wp\/v2\/product_cat?post=480"},{"taxonomy":"product_tag","embeddable":true,"href":"https:\/\/www.stepfish.de\/filme\/wp-json\/wp\/v2\/product_tag?post=480"}],"curies":[{"name":"wp","href":"https:\/\/api.w.org\/{rel}","templated":true}]}}