{"id":481,"date":"2022-03-08T12:16:30","date_gmt":"2022-03-08T11:16:30","guid":{"rendered":"https:\/\/www.stepfish.de\/filme\/?post_type=product&#038;p=481"},"modified":"2022-03-08T12:16:30","modified_gmt":"2022-03-08T11:16:30","slug":"insekten-im-fruehling-die-fruehaufsteher","status":"publish","type":"product","link":"https:\/\/www.stepfish.de\/filme\/produkt\/insekten-im-fruehling-die-fruehaufsteher\/","title":{"rendered":"Insekten im Fr\u00fchling &#8211; Die Fr\u00fchaufsteher"},"content":{"rendered":"<p>Mit den ersten, warmen Sonnenstrahlen im Fr\u00fchling, erwachen auch die ersten Insekten aus ihrer Winterstarre. Doch w\u00e4hrend bei einigen Arten bereits Stress angesagt ist, verschlafen andere fast das gesamte Fr\u00fchjahr.  Was Insekten im Fr\u00fchling tun und wieso nicht alle auf Anhieb zu beobachten sind, erkl\u00e4ren wir in diesem Film.<\/p>\n","protected":false},"excerpt":{"rendered":"<p>0:00 Einleitung<br \/>0:19 Die Aufwachphase <br \/>1:16 Das endokrine System<br \/>2:28 Auf Nahrungssuche<br \/>3:09 Ein Nistplatz<br \/>4:04 Das kann man tun<br \/>5:05 Outro<\/p>\n","protected":false},"featured_media":469,"comment_status":"open","ping_status":"closed","template":"","meta":[],"product_cat":[20,23],"product_tag":[],"yoast_head":"<!-- This site is optimized with the Yoast SEO plugin v18.0 - https:\/\/yoast.com\/wordpress\/plugins\/seo\/ -->\n<title>Insekten im Fr\u00fchling - Die Fr\u00fchaufsteher - StepFish - Film Lizenzen<\/title>\n<meta name=\"robots\" content=\"noindex, follow, max-snippet:-1, max-image-preview:large, max-video-preview:-1\" \/>\n<meta property=\"og:locale\" content=\"de_DE\" \/>\n<meta property=\"og:type\" content=\"article\" \/>\n<meta property=\"og:title\" content=\"Insekten im Fr\u00fchling - Die Fr\u00fchaufsteher - StepFish - Film Lizenzen\" \/>\n<meta property=\"og:description\" content=\"0:00 Einleitung0:19 Die Aufwachphase 1:16 Das endokrine System2:28 Auf Nahrungssuche3:09 Ein Nistplatz4:04 Das kann man tun5:05 Outro\" \/>\n<meta property=\"og:url\" content=\"https:\/\/www.stepfish.de\/filme\/produkt\/insekten-im-fruehling-die-fruehaufsteher\/\" \/>\n<meta property=\"og:site_name\" content=\"StepFish - Film Lizenzen\" \/>\n<meta property=\"og:image\" content=\"https:\/\/www.stepfish.de\/filme\/wp-content\/uploads\/sites\/2\/2022\/03\/Fruehling_Cover_XS.jpg\" \/>\n\t<meta property=\"og:image:width\" content=\"1280\" \/>\n\t<meta property=\"og:image:height\" content=\"720\" \/>\n\t<meta property=\"og:image:type\" content=\"image\/jpeg\" \/>\n<meta name=\"twitter:card\" content=\"summary_large_image\" \/>\n<script type=\"application\/ld+json\" class=\"yoast-schema-graph\">{\"@context\":\"https:\/\/schema.org\",\"@graph\":[{\"@type\":\"WebSite\",\"@id\":\"https:\/\/www.stepfish.de\/filme\/#website\",\"url\":\"https:\/\/www.stepfish.de\/filme\/\",\"name\":\"StepFish - Film Lizenzen\",\"description\":\"Film Lizenzen\",\"potentialAction\":[{\"@type\":\"SearchAction\",\"target\":{\"@type\":\"EntryPoint\",\"urlTemplate\":\"https:\/\/www.stepfish.de\/filme\/?s={search_term_string}\"},\"query-input\":\"required name=search_term_string\"}],\"inLanguage\":\"de\"},{\"@type\":\"ImageObject\",\"@id\":\"https:\/\/www.stepfish.de\/filme\/produkt\/insekten-im-fruehling-die-fruehaufsteher\/#primaryimage\",\"inLanguage\":\"de\",\"url\":\"https:\/\/www.stepfish.de\/filme\/wp-content\/uploads\/sites\/2\/2022\/03\/Fruehling_Cover_XS.jpg\",\"contentUrl\":\"https:\/\/www.stepfish.de\/filme\/wp-content\/uploads\/sites\/2\/2022\/03\/Fruehling_Cover_XS.jpg\",\"width\":1280,\"height\":720},{\"@type\":\"WebPage\",\"@id\":\"https:\/\/www.stepfish.de\/filme\/produkt\/insekten-im-fruehling-die-fruehaufsteher\/#webpage\",\"url\":\"https:\/\/www.stepfish.de\/filme\/produkt\/insekten-im-fruehling-die-fruehaufsteher\/\",\"name\":\"Insekten im Fr\u00fchling - Die Fr\u00fchaufsteher - StepFish - Film Lizenzen\",\"isPartOf\":{\"@id\":\"https:\/\/www.stepfish.de\/filme\/#website\"},\"primaryImageOfPage\":{\"@id\":\"https:\/\/www.stepfish.de\/filme\/produkt\/insekten-im-fruehling-die-fruehaufsteher\/#primaryimage\"},\"datePublished\":\"2022-03-08T11:16:30+00:00\",\"dateModified\":\"2022-03-08T11:16:30+00:00\",\"breadcrumb\":{\"@id\":\"https:\/\/www.stepfish.de\/filme\/produkt\/insekten-im-fruehling-die-fruehaufsteher\/#breadcrumb\"},\"inLanguage\":\"de\",\"potentialAction\":[{\"@type\":\"ReadAction\",\"target\":[\"https:\/\/www.stepfish.de\/filme\/produkt\/insekten-im-fruehling-die-fruehaufsteher\/\"]}]},{\"@type\":\"BreadcrumbList\",\"@id\":\"https:\/\/www.stepfish.de\/filme\/produkt\/insekten-im-fruehling-die-fruehaufsteher\/#breadcrumb\",\"itemListElement\":[{\"@type\":\"ListItem\",\"position\":1,\"name\":\"Katalog\",\"item\":\"https:\/\/www.stepfish.de\/filme\/katalog\/\"},{\"@type\":\"ListItem\",\"position\":2,\"name\":\"Insekten im Fr\u00fchling &#8211; Die Fr\u00fchaufsteher\"}]}]}<\/script>\n<!-- \/ Yoast SEO plugin. -->","yoast_head_json":{"title":"Insekten im Fr\u00fchling - Die Fr\u00fchaufsteher - StepFish - Film Lizenzen","robots":{"index":"noindex","follow":"follow","max-snippet":"max-snippet:-1","max-image-preview":"max-image-preview:large","max-video-preview":"max-video-preview:-1"},"og_locale":"de_DE","og_type":"article","og_title":"Insekten im Fr\u00fchling - Die Fr\u00fchaufsteher - StepFish - Film Lizenzen","og_description":"0:00 Einleitung0:19 Die Aufwachphase 1:16 Das endokrine System2:28 Auf Nahrungssuche3:09 Ein Nistplatz4:04 Das kann man tun5:05 Outro","og_url":"https:\/\/www.stepfish.de\/filme\/produkt\/insekten-im-fruehling-die-fruehaufsteher\/","og_site_name":"StepFish - Film Lizenzen","og_image":[{"width":1280,"height":720,"url":"https:\/\/www.stepfish.de\/filme\/wp-content\/uploads\/sites\/2\/2022\/03\/Fruehling_Cover_XS.jpg","type":"image\/jpeg"}],"twitter_card":"summary_large_image","schema":{"@context":"https:\/\/schema.org","@graph":[{"@type":"WebSite","@id":"https:\/\/www.stepfish.de\/filme\/#website","url":"https:\/\/www.stepfish.de\/filme\/","name":"StepFish - Film Lizenzen","description":"Film Lizenzen","potentialAction":[{"@type":"SearchAction","target":{"@type":"EntryPoint","urlTemplate":"https:\/\/www.stepfish.de\/filme\/?s={search_term_string}"},"query-input":"required name=search_term_string"}],"inLanguage":"de"},{"@type":"ImageObject","@id":"https:\/\/www.stepfish.de\/filme\/produkt\/insekten-im-fruehling-die-fruehaufsteher\/#primaryimage","inLanguage":"de","url":"https:\/\/www.stepfish.de\/filme\/wp-content\/uploads\/sites\/2\/2022\/03\/Fruehling_Cover_XS.jpg","contentUrl":"https:\/\/www.stepfish.de\/filme\/wp-content\/uploads\/sites\/2\/2022\/03\/Fruehling_Cover_XS.jpg","width":1280,"height":720},{"@type":"WebPage","@id":"https:\/\/www.stepfish.de\/filme\/produkt\/insekten-im-fruehling-die-fruehaufsteher\/#webpage","url":"https:\/\/www.stepfish.de\/filme\/produkt\/insekten-im-fruehling-die-fruehaufsteher\/","name":"Insekten im Fr\u00fchling - Die Fr\u00fchaufsteher - StepFish - Film Lizenzen","isPartOf":{"@id":"https:\/\/www.stepfish.de\/filme\/#website"},"primaryImageOfPage":{"@id":"https:\/\/www.stepfish.de\/filme\/produkt\/insekten-im-fruehling-die-fruehaufsteher\/#primaryimage"},"datePublished":"2022-03-08T11:16:30+00:00","dateModified":"2022-03-08T11:16:30+00:00","breadcrumb":{"@id":"https:\/\/www.stepfish.de\/filme\/produkt\/insekten-im-fruehling-die-fruehaufsteher\/#breadcrumb"},"inLanguage":"de","potentialAction":[{"@type":"ReadAction","target":["https:\/\/www.stepfish.de\/filme\/produkt\/insekten-im-fruehling-die-fruehaufsteher\/"]}]},{"@type":"BreadcrumbList","@id":"https:\/\/www.stepfish.de\/filme\/produkt\/insekten-im-fruehling-die-fruehaufsteher\/#breadcrumb","itemListElement":[{"@type":"ListItem","position":1,"name":"Katalog","item":"https:\/\/www.stepfish.de\/filme\/katalog\/"},{"@type":"ListItem","position":2,"name":"Insekten im Fr\u00fchling &#8211; Die Fr\u00fchaufsteher"}]}]}},"acf":[],"_links":{"self":[{"href":"https:\/\/www.stepfish.de\/filme\/wp-json\/wp\/v2\/product\/481"}],"collection":[{"href":"https:\/\/www.stepfish.de\/filme\/wp-json\/wp\/v2\/product"}],"about":[{"href":"https:\/\/www.stepfish.de\/filme\/wp-json\/wp\/v2\/types\/product"}],"replies":[{"embeddable":true,"href":"https:\/\/www.stepfish.de\/filme\/wp-json\/wp\/v2\/comments?post=481"}],"wp:featuredmedia":[{"embeddable":true,"href":"https:\/\/www.stepfish.de\/filme\/wp-json\/wp\/v2\/media\/469"}],"wp:attachment":[{"href":"https:\/\/www.stepfish.de\/filme\/wp-json\/wp\/v2\/media?parent=481"}],"wp:term":[{"taxonomy":"product_cat","embeddable":true,"href":"https:\/\/www.stepfish.de\/filme\/wp-json\/wp\/v2\/product_cat?post=481"},{"taxonomy":"product_tag","embeddable":true,"href":"https:\/\/www.stepfish.de\/filme\/wp-json\/wp\/v2\/product_tag?post=481"}],"curies":[{"name":"wp","href":"https:\/\/api.w.org\/{rel}","templated":true}]}}